{"id":22634,"date":"2021-05-28T16:10:42","date_gmt":"2021-05-28T14:10:42","guid":{"rendered":"https:\/\/www.retroapartments.sk\/?page_id=22634"},"modified":"2021-07-23T14:54:31","modified_gmt":"2021-07-23T12:54:31","slug":"podkrovie-bosak-retro-apartments","status":"publish","type":"page","link":"https:\/\/www.retroapartments.sk\/index.php\/podkrovie-bosak-retro-apartments\/","title":{"rendered":"Podkrovie BOSAK \u2013 Retro Apartments"},"content":{"rendered":"<div data-colibri-id=\"22634-c1\" class=\"style-967 style-local-22634-c1 position-relative\">\n  <!---->\n  <div data-colibri-component=\"section\" data-colibri-id=\"22634-c2\" id=\"overlappable\" class=\"h-section h-section-global-spacing d-flex align-items-lg-center align-items-md-center align-items-center style-968 style-local-22634-c2 position-relative\">\n    <!---->\n    <!---->\n    <div class=\"h-section-grid-container h-section-boxed-container\">\n      <!---->\n      <div data-colibri-id=\"22634-c3\" class=\"h-row-container gutters-row-lg-2 gutters-row-md-2 gutters-row-0 gutters-row-v-lg-2 gutters-row-v-md-2 gutters-row-v-2 style-969 style-local-22634-c3 position-relative\">\n        <!---->\n        <div class=\"h-row justify-content-lg-center justify-content-md-center justify-content-center align-items-lg-stretch align-items-md-stretch align-items-stretch gutters-col-lg-2 gutters-col-md-2 gutters-col-0 gutters-col-v-lg-2 gutters-col-v-md-2 gutters-col-v-2\">\n          <!---->\n          <div class=\"h-column h-column-container d-flex h-col-lg-6 h-col-md-6 h-col-12 style-970-outer style-local-22634-c4-outer\">\n            <div data-colibri-id=\"22634-c4\" class=\"d-flex h-flex-basis h-column__inner h-px-lg-2 h-px-md-2 h-px-2 v-inner-lg-2 v-inner-md-2 v-inner-2 style-970 style-local-22634-c4 position-relative\">\n              <!---->\n              <!---->\n              <div class=\"w-100 h-y-container h-column__content h-column__v-align flex-basis-100 align-self-lg-start align-self-md-start align-self-start\">\n                <!---->\n                <div data-colibri-id=\"22634-c5\" class=\"d-block style-973 style-local-22634-c5 position-relative h-element\">\n                  <!---->\n                  <div class=\"h-image__frame-container-outer\">\n                    <div class=\"h-image__frame-container\">\n                      <!---->\n                      <!---->\n                      <img loading=\"lazy\" decoding=\"async\" width=\"1950\" height=\"1301\" src=\"https:\/\/www.retroapartments.sk\/wp-content\/uploads\/2021\/05\/IVN_8802.jpg\" class=\"wp-image-22688 style-973-image style-local-22634-c5-image\" alt=\"\" srcset=\"https:\/\/www.retroapartments.sk\/wp-content\/uploads\/2021\/05\/IVN_8802.jpg 1950w, https:\/\/www.retroapartments.sk\/wp-content\/uploads\/2021\/05\/IVN_8802-300x200.jpg 300w, https:\/\/www.retroapartments.sk\/wp-content\/uploads\/2021\/05\/IVN_8802-1024x683.jpg 1024w, https:\/\/www.retroapartments.sk\/wp-content\/uploads\/2021\/05\/IVN_8802-768x512.jpg 768w, https:\/\/www.retroapartments.sk\/wp-content\/uploads\/2021\/05\/IVN_8802-1536x1025.jpg 1536w\" sizes=\"auto, (max-width: 1950px) 100vw, 1950px\" \/>\n                      <div class=\"h-image__frame h-hide-lg h-hide-md h-hide-sm style-973-frameImage style-local-22634-c5-frameImage\"><\/div>\n                    <\/div>\n                  <\/div>\n                <\/div>\n              <\/div>\n            <\/div>\n          <\/div>\n          <div class=\"h-column h-column-container d-flex h-col-lg-6 h-col-md-6 h-col-12 style-971-outer style-local-22634-c6-outer\">\n            <div data-colibri-id=\"22634-c6\" class=\"d-flex h-flex-basis h-column__inner h-px-lg-2 h-px-md-2 h-px-2 v-inner-lg-2 v-inner-md-2 v-inner-2 style-971 style-local-22634-c6 position-relative\">\n              <!---->\n              <!---->\n              <div class=\"w-100 h-y-container h-column__content h-column__v-align flex-basis-100 align-self-lg-start align-self-md-start align-self-start\">\n                <!---->\n                <div data-colibri-id=\"22634-c7\" class=\"h-text h-text-component style-973 style-local-22634-c7 position-relative h-element\">\n                  <!---->\n                  <!---->\n                  <div class=\"\">\n                    <p>\n                      <br>Je situovan\u00fdch 5 rozlohou aj priestorom men\u0161\u00edch apartm\u00e1nov so stre\u0161n\u00fdmi oknami. V\u0161etky apartm\u00e1ny s\u00fa vybaven\u00e9 profesion\u00e1lnymi hotelov\u00fdmi poste\u013eami o&nbsp;rozmeroch l\u00f4\u017eka 90cm x 200cm s&nbsp;matracmi s&nbsp;pr\u00edrodn\u00fdch vl\u00e1kien v\u00fd\u0161ky\n                      27cm. Matrace s\u00fa v&nbsp;najvy\u0161\u0161ej kvalitat\u00edvnej triede v&nbsp;strednej a&nbsp;sk\u00f4r vy\u0161\u0161ej tvrdosti. Hotelov\u00e1 bielize\u0148 je z dama\u0161ku v&nbsp;bielej farbe s&nbsp;jemn\u00fdm strieborn\u00fdm pr\u00fa\u017ekom. Bielize\u0148 je s\u00edce \u0165a\u017e\u0161ia av\u0161ak ve\u013emi jemn\u00e1.\n                      Obsahuje tie\u017e uter\u00e1k, osu\u0161ku a&nbsp;predlo\u017eku.<\/p>\n                  <\/div>\n                <\/div>\n              <\/div>\n            <\/div>\n          <\/div>\n          <div class=\"h-column h-column-container d-flex h-col-lg-6 h-col-md-6 h-col-12 style-971-outer style-local-22634-c8-outer\">\n            <div data-colibri-id=\"22634-c8\" class=\"d-flex h-flex-basis h-column__inner h-px-lg-2 h-px-md-2 h-px-2 v-inner-lg-2 v-inner-md-2 v-inner-2 style-971 style-local-22634-c8 position-relative\">\n              <!---->\n              <!---->\n              <div class=\"w-100 h-y-container h-column__content h-column__v-align flex-basis-100 align-self-lg-start align-self-md-start align-self-start\">\n                <!---->\n                <div data-colibri-id=\"22634-c9\" class=\"h-text h-text-component style-973 style-local-22634-c9 position-relative h-element\">\n                  <!---->\n                  <!---->\n                  <div class=\"\">\n                    <p>Ka\u017ed\u00fd apartm\u00e1n m\u00e1 vlastn\u00fa k\u00fape\u013e\u0148u vybaven\u00fa f\u00e9nom, um\u00fdvadlom, toaletou, sprchov\u00fdm k\u00fatom alebo va\u0148ou. Vo v\u0161etk\u00fdch apartm\u00e1noch je vlastn\u00e1 kuchy\u0148a alebo kuchynsk\u00fd k\u00fat, ktor\u00fd je plne vybaven\u00fd chladni\u010dkou s&nbsp;mrazni\u010dkou, vstavanou mikrovlnkou,\n                      induk\u010dnou doskou a&nbsp;r\u00fdchlovarnou kanvicou. Kuchynsk\u00e1 linka obsahuje tie\u017e z\u00e1kladn\u00e9 hrnce, panvice, poh\u00e1re, \u0161\u00e1lky, taniere, no\u017ee, pr\u00edbor ale aj otv\u00e1rak na v\u00edno.<\/p>\n                    <p>Vo v\u0161etk\u00fdch apartm\u00e1noch je dostupn\u00fd internet prostredn\u00edctvom bezdr\u00f4tov\u00e9ho WIFI sign\u00e1lu, v&nbsp;ka\u017edom apartm\u00e1ne je in\u0161talovan\u00fd LED telev\u00edzor s&nbsp;plochou obrazovkou ktor\u00fd be\u017ene pon\u00faka len slovensk\u00e9 vo\u013ene \u0161\u00edrite\u013en\u00e9 programy prostredn\u00edctvom\n                      digit\u00e1lnej DVBT, av\u0161ak ka\u017ed\u00fd telev\u00edzor m\u00e1 vlastn\u00fd opera\u010dn\u00fd syst\u00e9m Android a&nbsp;je pripojen\u00fd na internet, sledova\u0165 tak m\u00f4\u017eete \u010doko\u013evek dostupn\u00e9 na internete. V\u0161etky podkrovn\u00e9 apartm\u00e1ny s\u00fa klimatizovan\u00e9 a&nbsp;maj\u00fa podlahov\u00e9 vykurovanie.<\/p>\n                  <\/div>\n                <\/div>\n              <\/div>\n            <\/div>\n          <\/div>\n          <div class=\"h-column h-column-container d-flex h-col-lg-6 h-col-md-6 h-col-12 style-976-outer style-local-22634-c10-outer\">\n            <div data-colibri-id=\"22634-c10\" class=\"d-flex h-flex-basis h-column__inner h-px-lg-2 h-px-md-2 h-px-2 v-inner-lg-2 v-inner-md-2 v-inner-2 style-976 style-local-22634-c10 position-relative\">\n              <!---->\n              <!---->\n              <div class=\"w-100 h-y-container h-column__content h-column__v-align flex-basis-100 align-self-lg-start align-self-md-start align-self-start\">\n                <!---->\n                <div data-colibri-id=\"22634-c11\" class=\"d-block style-974 style-local-22634-c11 position-relative h-element\">\n                  <!---->\n                  <div class=\"h-image__frame-container-outer\">\n                    <div class=\"h-image__frame-container\">\n                      <!---->\n                      <!---->\n                      <img loading=\"lazy\" decoding=\"async\" width=\"1950\" height=\"1301\" src=\"https:\/\/www.retroapartments.sk\/wp-content\/uploads\/2021\/05\/IVN_8828.jpg\" class=\"wp-image-22689 style-974-image style-local-22634-c11-image\" alt=\"\" srcset=\"https:\/\/www.retroapartments.sk\/wp-content\/uploads\/2021\/05\/IVN_8828.jpg 1950w, https:\/\/www.retroapartments.sk\/wp-content\/uploads\/2021\/05\/IVN_8828-300x200.jpg 300w, https:\/\/www.retroapartments.sk\/wp-content\/uploads\/2021\/05\/IVN_8828-1024x683.jpg 1024w, https:\/\/www.retroapartments.sk\/wp-content\/uploads\/2021\/05\/IVN_8828-768x512.jpg 768w, https:\/\/www.retroapartments.sk\/wp-content\/uploads\/2021\/05\/IVN_8828-1536x1025.jpg 1536w\" sizes=\"auto, (max-width: 1950px) 100vw, 1950px\" \/>\n                      <div class=\"h-image__frame h-hide-lg h-hide-md h-hide-sm style-974-frameImage style-local-22634-c11-frameImage\"><\/div>\n                    <\/div>\n                  <\/div>\n                <\/div>\n              <\/div>\n            <\/div>\n          <\/div>\n        <\/div>\n      <\/div>\n      <div data-colibri-id=\"22634-c12\" class=\"h-row-container gutters-row-lg-2 gutters-row-md-2 gutters-row-0 gutters-row-v-lg-2 gutters-row-v-md-2 gutters-row-v-2 style-969 style-local-22634-c12 position-relative\">\n        <!---->\n        <div class=\"h-row justify-content-lg-center justify-content-md-center justify-content-center align-items-lg-stretch align-items-md-stretch align-items-stretch gutters-col-lg-2 gutters-col-md-2 gutters-col-0 gutters-col-v-lg-2 gutters-col-v-md-2 gutters-col-v-2\">\n          <!---->\n          <div class=\"h-column h-column-container d-flex h-col-lg-6 h-col-md-6 h-col-12 style-970-outer style-local-22634-c13-outer\">\n            <div data-colibri-id=\"22634-c13\" class=\"d-flex h-flex-basis h-column__inner h-px-lg-2 h-px-md-2 h-px-2 v-inner-lg-2 v-inner-md-2 v-inner-2 style-970 style-local-22634-c13 position-relative\">\n              <!---->\n              <!---->\n              <div class=\"w-100 h-y-container h-column__content h-column__v-align flex-basis-100 align-self-lg-start align-self-md-start align-self-start\">\n                <!---->\n                <div data-colibri-id=\"22634-c14\" class=\"d-block style-975 style-local-22634-c14 position-relative h-element\">\n                  <!---->\n                  <div class=\"h-image__frame-container-outer\">\n                    <div class=\"h-image__frame-container\">\n                      <!---->\n                      <!---->\n                      <img loading=\"lazy\" decoding=\"async\" width=\"1950\" height=\"1301\" src=\"https:\/\/www.retroapartments.sk\/wp-content\/uploads\/2021\/05\/IVN_8859.jpg\" class=\"wp-image-22690 style-975-image style-local-22634-c14-image\" alt=\"\" srcset=\"https:\/\/www.retroapartments.sk\/wp-content\/uploads\/2021\/05\/IVN_8859.jpg 1950w, https:\/\/www.retroapartments.sk\/wp-content\/uploads\/2021\/05\/IVN_8859-300x200.jpg 300w, https:\/\/www.retroapartments.sk\/wp-content\/uploads\/2021\/05\/IVN_8859-1024x683.jpg 1024w, https:\/\/www.retroapartments.sk\/wp-content\/uploads\/2021\/05\/IVN_8859-768x512.jpg 768w, https:\/\/www.retroapartments.sk\/wp-content\/uploads\/2021\/05\/IVN_8859-1536x1025.jpg 1536w\" sizes=\"auto, (max-width: 1950px) 100vw, 1950px\" \/>\n                      <div class=\"h-image__frame h-hide-lg h-hide-md h-hide-sm style-975-frameImage style-local-22634-c14-frameImage\"><\/div>\n                    <\/div>\n                  <\/div>\n                <\/div>\n              <\/div>\n            <\/div>\n          <\/div>\n          <div class=\"h-column h-column-container d-flex h-col-lg-6 h-col-md-6 h-col-12 style-971-outer style-local-22634-c15-outer\">\n            <div data-colibri-id=\"22634-c15\" class=\"d-flex h-flex-basis h-column__inner h-px-lg-2 h-px-md-2 h-px-2 v-inner-lg-2 v-inner-md-2 v-inner-2 style-971 style-local-22634-c15 position-relative\">\n              <!---->\n              <!---->\n              <div class=\"w-100 h-y-container h-column__content h-column__v-align flex-basis-100 align-self-lg-start align-self-md-start align-self-start\">\n                <!---->\n                <div data-colibri-id=\"22634-c16\" class=\"h-text h-text-component style-973 style-local-22634-c16 position-relative h-element\">\n                  <!---->\n                  <!---->\n                  <div class=\"\">\n                    <p>\n                      <br>Apartm\u00e1ny v&nbsp;podkrov\u00ed:<\/p>\n                    <p>301 &#8211; 2 l\u00f4\u017ekov\u00fd apartm\u00e1n s&nbsp;kuchy\u0148ou a&nbsp;k\u00fape\u013e\u0148ou so sprchou<\/p>\n                    <p>302 &#8211; 4 l\u00f4\u017ekov\u00fd apartm\u00e1n s&nbsp;kuchy\u0148ou a&nbsp;k\u00fape\u013e\u0148ou so sprchou, mezonet \u2013 2poschodia, 2 telev\u00edzory<\/p>\n                    <p>303 &#8211; 2 l\u00f4\u017ekov\u00fd apartm\u00e1n s&nbsp;kuchy\u0148ou a&nbsp;k\u00fape\u013e\u0148ou so sprchou<\/p>\n                    <p>304 &#8211; 2 l\u00f4\u017ekov\u00fd apartm\u00e1n s&nbsp;kuchy\u0148ou a&nbsp;k\u00fape\u013e\u0148ou so sprchou<\/p>\n                    <p>305 &#8211; 2 l\u00f4\u017ekov\u00fd apartm\u00e1n s&nbsp;kuchy\u0148ou a&nbsp;k\u00fape\u013e\u0148ou s&nbsp;va\u0148ou<\/p>\n                  <\/div>\n                <\/div>\n              <\/div>\n            <\/div>\n          <\/div>\n        <\/div>\n      <\/div>\n    <\/div>\n  <\/div>\n<\/div>","protected":false},"excerpt":{"rendered":"<p>Je situovan\u00fdch 5 rozlohou aj priestorom men\u0161\u00edch apartm\u00e1nov so stre\u0161n\u00fdmi oknami. V\u0161etky apartm\u00e1ny s\u00fa vybaven\u00e9 profesion\u00e1lnymi hotelov\u00fdmi poste\u013eami o&nbsp;rozmeroch l\u00f4\u017eka 90cm x 200cm s&nbsp;matracmi s&nbsp;pr\u00edrodn\u00fdch vl\u00e1kien v\u00fd\u0161ky 27cm. Matrace s\u00fa v&nbsp;najvy\u0161\u0161ej kvalitat\u00edvnej triede v&nbsp;strednej a&nbsp;sk\u00f4r vy\u0161\u0161ej tvrdosti. Hotelov\u00e1 bielize\u0148 je z dama\u0161ku v&nbsp;bielej farbe s&nbsp;jemn\u00fdm strieborn\u00fdm pr\u00fa\u017ekom. Bielize\u0148 je s\u00edce \u0165a\u017e\u0161ia av\u0161ak ve\u013emi jemn\u00e1. Obsahuje [&hellip;]<\/p>\n","protected":false},"author":2,"featured_media":0,"parent":0,"menu_order":0,"comment_status":"closed","ping_status":"closed","template":"page-templates\/full-width-page.php","meta":{"_monsterinsights_skip_tracking":false,"_monsterinsights_sitenote_active":false,"_monsterinsights_sitenote_note":"","_monsterinsights_sitenote_category":0,"footnotes":""},"class_list":["post-22634","page","type-page","status-publish","hentry"],"_links":{"self":[{"href":"https:\/\/www.retroapartments.sk\/index.php\/wp-json\/wp\/v2\/pages\/22634","targetHints":{"allow":["GET"]}}],"collection":[{"href":"https:\/\/www.retroapartments.sk\/index.php\/wp-json\/wp\/v2\/pages"}],"about":[{"href":"https:\/\/www.retroapartments.sk\/index.php\/wp-json\/wp\/v2\/types\/page"}],"author":[{"embeddable":true,"href":"https:\/\/www.retroapartments.sk\/index.php\/wp-json\/wp\/v2\/users\/2"}],"replies":[{"embeddable":true,"href":"https:\/\/www.retroapartments.sk\/index.php\/wp-json\/wp\/v2\/comments?post=22634"}],"version-history":[{"count":5,"href":"https:\/\/www.retroapartments.sk\/index.php\/wp-json\/wp\/v2\/pages\/22634\/revisions"}],"predecessor-version":[{"id":22785,"href":"https:\/\/www.retroapartments.sk\/index.php\/wp-json\/wp\/v2\/pages\/22634\/revisions\/22785"}],"wp:attachment":[{"href":"https:\/\/www.retroapartments.sk\/index.php\/wp-json\/wp\/v2\/media?parent=22634"}],"curies":[{"name":"wp","href":"https:\/\/api.w.org\/{rel}","templated":true}]}}